{"id":9000,"date":"2021-09-24T08:17:00","date_gmt":"2021-09-24T12:17:00","guid":{"rendered":"https:\/\/lecentrenature.com\/?page_id=9000"},"modified":"2023-01-05T11:02:05","modified_gmt":"2023-01-05T16:02:05","slug":"activites","status":"publish","type":"page","link":"https:\/\/lecentrenature.com\/?page_id=9000","title":{"rendered":"ACTIVIT\u00c9S &#038; TARIFS"},"content":{"rendered":"\t\t<div data-elementor-type=\"wp-page\" data-elementor-id=\"9000\" class=\"elementor elementor-9000\">\n\t\t\t\t\t\t<section class=\"elementor-section elementor-top-section elementor-element elementor-element-6b116af elementor-section-boxed elementor-section-height-default elementor-section-height-default qodef-elementor-content-no\" data-id=\"6b116af\" data-element_type=\"section\" data-e-type=\"section\">\n\t\t\t\t\t\t<div class=\"elementor-container elementor-column-gap-default\">\n\t\t\t\t\t<div class=\"elementor-column elementor-col-100 elementor-top-column elementor-element elementor-element-4fe836c\" data-id=\"4fe836c\" data-element_type=\"column\" data-e-type=\"column\">\n\t\t\t<div class=\"elementor-widget-wrap elementor-element-populated\">\n\t\t\t\t\t\t<div class=\"elementor-element elementor-element-b7cf292 elementor-widget__width-initial elementor-widget elementor-widget-montagne_core_section_title\" data-id=\"b7cf292\" data-element_type=\"widget\" data-e-type=\"widget\" data-widget_type=\"montagne_core_section_title.default\">\n\t\t\t\t<div class=\"elementor-widget-container\">\n\t\t\t\t\t<div class=\"qodef-shortcode qodef-m  qodef-section-title qodef-alignment--left \">\n\t\t<p class=\"qodef-m-subtitle\" >L&#039;embarras du choix<\/p>\n\t\t<h2 class=\"qodef-m-title\" >\n\t\t\t\t\tDes activit\u00e9s pour tous les go\u00fbts\t\t\t<\/h2>\n\t<\/div>\n\t\t\t\t<\/div>\n\t\t\t\t<\/div>\n\t\t\t\t<div class=\"elementor-element elementor-element-377cc82 elementor-widget elementor-widget-montagne_core_linked_images\" data-id=\"377cc82\" data-element_type=\"widget\" data-e-type=\"widget\" data-widget_type=\"montagne_core_linked_images.default\">\n\t\t\t\t<div class=\"elementor-widget-container\">\n\t\t\t\t\t<div class=\"qodef-shortcode qodef-m  qodef-linked-images  qodef-grid qodef-layout--masonry  qodef-gutter--normal qodef-col-num--3   qodef-responsive--custom qodef-col-num--1440--3 qodef-col-num--1366--3 qodef-col-num--1024--3 qodef-col-num--768--1 qodef-col-num--680--1 qodef-col-num--480--1\">\n\t<div class=\"qodef-grid-inner clear\">\n\t\t\t<div class=\"qodef-grid-masonry-sizer\"><\/div>\n\t<div class=\"qodef-grid-masonry-gutter\"><\/div>\n\t\t\t<div class=\"qodef-e qodef-grid-item \">\n\t\t\t\t<div class=\"qodef-e-inner\">\n\t\t\t\t\t\t\t\t\t\t\t<div class=\"qodef-e-image\">\n\t\t\t\t\t\t\t<div class=\"qodef-e-media-image\">\n\t\t\t\t\t\t\t\t<img fetchpriority=\"high\" decoding=\"async\" width=\"1300\" height=\"851\" src=\"https:\/\/lecentrenature.com\/wp-content\/uploads\/2022\/03\/CNA1_chalet_1300X851.jpg\" class=\"attachment-full size-full\" alt=\"\" srcset=\"https:\/\/lecentrenature.com\/wp-content\/uploads\/2022\/03\/CNA1_chalet_1300X851.jpg 1300w, https:\/\/lecentrenature.com\/wp-content\/uploads\/2022\/03\/CNA1_chalet_1300X851-300x196.jpg 300w, https:\/\/lecentrenature.com\/wp-content\/uploads\/2022\/03\/CNA1_chalet_1300X851-1024x670.jpg 1024w, https:\/\/lecentrenature.com\/wp-content\/uploads\/2022\/03\/CNA1_chalet_1300X851-768x503.jpg 768w\" sizes=\"(max-width: 1300px) 100vw, 1300px\" \/>\t\t\t\t\t\t\t<\/div>\n\t\t\t\t\t\t<\/div>\n\t\t\t\t\t\t\t\t\t\t<div class=\"qodef-e-content\">\n\t\t\t\t\t\t\t\t\t\t\t\t\t<h4 itemprop=\"name\" class=\"qodef-e-title entry-title\" >\n\t\t\t\t\t\t\t\tCHALET\t\t\t\t\t\t\t<\/h4>\n\t\t\t\t\t\t\t\t\t\t\t<\/div>\n\t\t\t\t\t\t\t\t\t\t\t<a itemprop=\"url\" class=\"qodef-e-link\" href=\"#chalet\" target=\"_self\"><\/a>\n\t\t\t\t\t\t\t\t\t<\/div>\n\t\t\t<\/div>\n\t\t\t\t\t<div class=\"qodef-e qodef-grid-item \">\n\t\t\t\t<div class=\"qodef-e-inner\">\n\t\t\t\t\t\t\t\t\t\t\t<div class=\"qodef-e-image\">\n\t\t\t\t\t\t\t<div class=\"qodef-e-media-image\">\n\t\t\t\t\t\t\t\t<img decoding=\"async\" width=\"900\" height=\"1300\" src=\"https:\/\/lecentrenature.com\/wp-content\/uploads\/2022\/03\/CNA1_fatbike_900X1300-01.jpg\" class=\"attachment-full size-full\" alt=\"\" srcset=\"https:\/\/lecentrenature.com\/wp-content\/uploads\/2022\/03\/CNA1_fatbike_900X1300-01.jpg 900w, https:\/\/lecentrenature.com\/wp-content\/uploads\/2022\/03\/CNA1_fatbike_900X1300-01-208x300.jpg 208w, https:\/\/lecentrenature.com\/wp-content\/uploads\/2022\/03\/CNA1_fatbike_900X1300-01-709x1024.jpg 709w, https:\/\/lecentrenature.com\/wp-content\/uploads\/2022\/03\/CNA1_fatbike_900X1300-01-768x1109.jpg 768w\" sizes=\"(max-width: 900px) 100vw, 900px\" \/>\t\t\t\t\t\t\t<\/div>\n\t\t\t\t\t\t<\/div>\n\t\t\t\t\t\t\t\t\t\t<div class=\"qodef-e-content\">\n\t\t\t\t\t\t\t\t\t\t\t\t\t<h4 itemprop=\"name\" class=\"qodef-e-title entry-title\" >\n\t\t\t\t\t\t\t\tFATBIKE\t\t\t\t\t\t\t<\/h4>\n\t\t\t\t\t\t\t\t\t\t\t<\/div>\n\t\t\t\t\t\t\t\t\t\t\t<a itemprop=\"url\" class=\"qodef-e-link\" href=\"#fatbike\" target=\"_self\"><\/a>\n\t\t\t\t\t\t\t\t\t<\/div>\n\t\t\t<\/div>\n\t\t\t\t\t<div class=\"qodef-e qodef-grid-item \">\n\t\t\t\t<div class=\"qodef-e-inner\">\n\t\t\t\t\t\t\t\t\t\t\t<div class=\"qodef-e-image\">\n\t\t\t\t\t\t\t<div class=\"qodef-e-media-image\">\n\t\t\t\t\t\t\t\t<img decoding=\"async\" width=\"1300\" height=\"851\" src=\"https:\/\/lecentrenature.com\/wp-content\/uploads\/2022\/03\/CNA1_glissade_1300X851.jpg\" class=\"attachment-full size-full\" alt=\"\" srcset=\"https:\/\/lecentrenature.com\/wp-content\/uploads\/2022\/03\/CNA1_glissade_1300X851.jpg 1300w, https:\/\/lecentrenature.com\/wp-content\/uploads\/2022\/03\/CNA1_glissade_1300X851-300x196.jpg 300w, https:\/\/lecentrenature.com\/wp-content\/uploads\/2022\/03\/CNA1_glissade_1300X851-1024x670.jpg 1024w, https:\/\/lecentrenature.com\/wp-content\/uploads\/2022\/03\/CNA1_glissade_1300X851-768x503.jpg 768w\" sizes=\"(max-width: 1300px) 100vw, 1300px\" \/>\t\t\t\t\t\t\t<\/div>\n\t\t\t\t\t\t<\/div>\n\t\t\t\t\t\t\t\t\t\t<div class=\"qodef-e-content\">\n\t\t\t\t\t\t\t\t\t\t\t\t\t<h4 itemprop=\"name\" class=\"qodef-e-title entry-title\" >\n\t\t\t\t\t\t\t\tGLISSADE\t\t\t\t\t\t\t<\/h4>\n\t\t\t\t\t\t\t\t\t\t\t<\/div>\n\t\t\t\t\t\t\t\t\t\t\t<a itemprop=\"url\" class=\"qodef-e-link\" href=\"#glissade\" target=\"_self\"><\/a>\n\t\t\t\t\t\t\t\t\t<\/div>\n\t\t\t<\/div>\n\t\t\t\t\t<div class=\"qodef-e qodef-grid-item \">\n\t\t\t\t<div class=\"qodef-e-inner\">\n\t\t\t\t\t\t\t\t\t\t\t<div class=\"qodef-e-image\">\n\t\t\t\t\t\t\t<div class=\"qodef-e-media-image\">\n\t\t\t\t\t\t\t\t<img loading=\"lazy\" decoding=\"async\" width=\"900\" height=\"1300\" src=\"https:\/\/lecentrenature.com\/wp-content\/uploads\/2022\/03\/CNA1_pedestre_900X1300-01.jpg\" class=\"attachment-full size-full\" alt=\"\" srcset=\"https:\/\/lecentrenature.com\/wp-content\/uploads\/2022\/03\/CNA1_pedestre_900X1300-01.jpg 900w, https:\/\/lecentrenature.com\/wp-content\/uploads\/2022\/03\/CNA1_pedestre_900X1300-01-208x300.jpg 208w, https:\/\/lecentrenature.com\/wp-content\/uploads\/2022\/03\/CNA1_pedestre_900X1300-01-709x1024.jpg 709w, https:\/\/lecentrenature.com\/wp-content\/uploads\/2022\/03\/CNA1_pedestre_900X1300-01-768x1109.jpg 768w\" sizes=\"(max-width: 900px) 100vw, 900px\" \/>\t\t\t\t\t\t\t<\/div>\n\t\t\t\t\t\t<\/div>\n\t\t\t\t\t\t\t\t\t\t<div class=\"qodef-e-content\">\n\t\t\t\t\t\t\t\t\t\t\t\t\t<h4 itemprop=\"name\" class=\"qodef-e-title entry-title\" >\n\t\t\t\t\t\t\t\tP\u00c9DESTRE\t\t\t\t\t\t\t<\/h4>\n\t\t\t\t\t\t\t\t\t\t\t<\/div>\n\t\t\t\t\t\t\t\t\t\t\t<a itemprop=\"url\" class=\"qodef-e-link\" href=\"#sentiers\" target=\"_self\"><\/a>\n\t\t\t\t\t\t\t\t\t<\/div>\n\t\t\t<\/div>\n\t\t\t\t\t<div class=\"qodef-e qodef-grid-item \">\n\t\t\t\t<div class=\"qodef-e-inner\">\n\t\t\t\t\t\t\t\t\t\t\t<div class=\"qodef-e-image\">\n\t\t\t\t\t\t\t<div class=\"qodef-e-media-image\">\n\t\t\t\t\t\t\t\t<img loading=\"lazy\" decoding=\"async\" width=\"900\" height=\"1300\" src=\"https:\/\/lecentrenature.com\/wp-content\/uploads\/2022\/03\/CNA1_raquette_900X1300-01.jpg\" class=\"attachment-full size-full\" alt=\"\" srcset=\"https:\/\/lecentrenature.com\/wp-content\/uploads\/2022\/03\/CNA1_raquette_900X1300-01.jpg 900w, https:\/\/lecentrenature.com\/wp-content\/uploads\/2022\/03\/CNA1_raquette_900X1300-01-208x300.jpg 208w, https:\/\/lecentrenature.com\/wp-content\/uploads\/2022\/03\/CNA1_raquette_900X1300-01-709x1024.jpg 709w, https:\/\/lecentrenature.com\/wp-content\/uploads\/2022\/03\/CNA1_raquette_900X1300-01-768x1109.jpg 768w\" sizes=\"(max-width: 900px) 100vw, 900px\" \/>\t\t\t\t\t\t\t<\/div>\n\t\t\t\t\t\t<\/div>\n\t\t\t\t\t\t\t\t\t\t<div class=\"qodef-e-content\">\n\t\t\t\t\t\t\t\t\t\t\t\t\t<h4 itemprop=\"name\" class=\"qodef-e-title entry-title\" >\n\t\t\t\t\t\t\t\tRAQUETTE\t\t\t\t\t\t\t<\/h4>\n\t\t\t\t\t\t\t\t\t\t\t<\/div>\n\t\t\t\t\t\t\t\t\t\t\t<a itemprop=\"url\" class=\"qodef-e-link\" href=\"#raquette\" target=\"_self\"><\/a>\n\t\t\t\t\t\t\t\t\t<\/div>\n\t\t\t<\/div>\n\t\t\t\t\t<div class=\"qodef-e qodef-grid-item \">\n\t\t\t\t<div class=\"qodef-e-inner\">\n\t\t\t\t\t\t\t\t\t\t\t<div class=\"qodef-e-image\">\n\t\t\t\t\t\t\t<div class=\"qodef-e-media-image\">\n\t\t\t\t\t\t\t\t<img loading=\"lazy\" decoding=\"async\" width=\"1300\" height=\"851\" src=\"https:\/\/lecentrenature.com\/wp-content\/uploads\/2022\/03\/CNA1_velo_1300X851.jpg\" class=\"attachment-full size-full\" alt=\"\" srcset=\"https:\/\/lecentrenature.com\/wp-content\/uploads\/2022\/03\/CNA1_velo_1300X851.jpg 1300w, https:\/\/lecentrenature.com\/wp-content\/uploads\/2022\/03\/CNA1_velo_1300X851-300x196.jpg 300w, https:\/\/lecentrenature.com\/wp-content\/uploads\/2022\/03\/CNA1_velo_1300X851-1024x670.jpg 1024w, https:\/\/lecentrenature.com\/wp-content\/uploads\/2022\/03\/CNA1_velo_1300X851-768x503.jpg 768w\" sizes=\"(max-width: 1300px) 100vw, 1300px\" \/>\t\t\t\t\t\t\t<\/div>\n\t\t\t\t\t\t<\/div>\n\t\t\t\t\t\t\t\t\t\t<div class=\"qodef-e-content\">\n\t\t\t\t\t\t\t\t\t\t\t\t\t<h4 itemprop=\"name\" class=\"qodef-e-title entry-title\" >\n\t\t\t\t\t\t\t\tV\u00c9LO DE MONTAGNE\t\t\t\t\t\t\t<\/h4>\n\t\t\t\t\t\t\t\t\t\t\t<\/div>\n\t\t\t\t\t\t\t\t\t\t\t<a itemprop=\"url\" class=\"qodef-e-link\" href=\"#velo\" target=\"_self\"><\/a>\n\t\t\t\t\t\t\t\t\t<\/div>\n\t\t\t<\/div>\n\t\t\t<\/div>\n<\/div>\n\t\t\t\t<\/div>\n\t\t\t\t<\/div>\n\t\t\t\t\t<\/div>\n\t\t<\/div>\n\t\t\t\t\t<\/div>\n\t\t<\/section>\n\t\t\t\t<section class=\"elementor-section elementor-top-section elementor-element elementor-element-da572aa elementor-section-full_width qodef-elementor-content-grid elementor-section-height-default elementor-section-height-default\" data-id=\"da572aa\" data-element_type=\"section\" data-e-type=\"section\">\n\t\t\t\t\t\t<div class=\"elementor-container elementor-column-gap-default\">\n\t\t\t\t\t<div class=\"elementor-column elementor-col-50 elementor-top-column elementor-element elementor-element-31e801a\" data-id=\"31e801a\" data-element_type=\"column\" data-e-type=\"column\">\n\t\t\t<div class=\"elementor-widget-wrap elementor-element-populated\">\n\t\t\t\t\t\t<div class=\"elementor-element elementor-element-72b7e7d elementor-widget__width-initial elementor-widget-mobile__width-initial elementor-widget elementor-widget-montagne_core_section_title\" data-id=\"72b7e7d\" data-element_type=\"widget\" data-e-type=\"widget\" data-widget_type=\"montagne_core_section_title.default\">\n\t\t\t\t<div class=\"elementor-widget-container\">\n\t\t\t\t\t<div class=\"qodef-shortcode qodef-m  qodef-section-title qodef-alignment--left \">\n\t\t<p class=\"qodef-m-subtitle\" style=\"margin-bottom: 9px\">Accessible \u00e0 tous<\/p>\n\t\t<h2 class=\"qodef-m-title\" >\n\t\t\t\t\tTARIFS EN VIGUEUR\t\t\t<\/h2>\n\t<\/div>\n\t\t\t\t<\/div>\n\t\t\t\t<\/div>\n\t\t\t\t\t<\/div>\n\t\t<\/div>\n\t\t\t\t<div class=\"elementor-column elementor-col-50 elementor-top-column elementor-element elementor-element-0dce347\" data-id=\"0dce347\" data-element_type=\"column\" data-e-type=\"column\">\n\t\t\t<div class=\"elementor-widget-wrap elementor-element-populated\">\n\t\t\t\t\t\t<div class=\"elementor-element elementor-element-14f8369 elementor-widget__width-initial elementor-widget-mobile__width-initial elementor-widget elementor-widget-montagne_core_section_title\" data-id=\"14f8369\" data-element_type=\"widget\" data-e-type=\"widget\" id=\"chalet\" data-widget_type=\"montagne_core_section_title.default\">\n\t\t\t\t<div class=\"elementor-widget-container\">\n\t\t\t\t\t<div class=\"qodef-shortcode qodef-m  qodef-section-title qodef-alignment--left \">\n\t\t<p class=\"qodef-m-subtitle\" style=\"margin-bottom: 9px\">Une place d\u00e9tente incomparable<\/p>\n\t\t<h3 class=\"qodef-m-title\" >\n\t\t\t\t\tAdmission g\u00e9n\u00e9ral\t\t\t<\/h3>\n\t<\/div>\n\t\t\t\t<\/div>\n\t\t\t\t<\/div>\n\t\t\t\t<div class=\"elementor-element elementor-element-5cba492 elementor-widget-tablet__width-inherit elementor-widget elementor-widget-montagne_core_comparison_pricing_list_holder\" data-id=\"5cba492\" data-element_type=\"widget\" data-e-type=\"widget\" data-widget_type=\"montagne_core_comparison_pricing_list_holder.default\">\n\t\t\t\t<div class=\"elementor-widget-container\">\n\t\t\t\t\t<div class=\"qodef-shortcode qodef-m  qodef-comparison-pricing-list clear qodef-columns--2 qodef-layout--simple\">\n\t<div class=\"qodef-m-header\">\n\t\t<div class=\"qodef-m-header-separator qodef--left\"><\/div>\n\t\t<div class=\"qodef-m-header-titles\">\n\t\t\t\t\t\t\t<h4 class=\"qodef-m-header-title\">\/J<\/h4>\n\t\t\t\t\t\t\t<h4 class=\"qodef-m-header-title\"><\/h4>\n\t\t\t\t\t<\/div>\n\t\t<div class=\"qodef-m-header-separator qodef--right\"><\/div>\n\t<\/div>\n\t<div class=\"qodef-m-content\">\n\t\t\t\t\t<div class=\"qodef-m-item\">\n\t\t\t\t<h5 class=\"qodef-m-item-title\">0 \u00e0 3 ans<\/h5>\n\t\t\t\t<div class=\"qodef-m-item-prices\">\n\t\t\t\t\t\t\t\t\t\t\t<div class=\"qodef-m-item-price\">0$<\/div>\n\t\t\t\t\t\t\t\t\t\t\t<div class=\"qodef-m-item-price\"><\/div>\n\t\t\t\t\t\t\t\t\t<\/div>\n\t\t\t\t<div class=\"qodef-m-item-action\">\n\t\t\t\t\t\t\t\t\t<\/div>\n\t\t\t<\/div>\n\t\t\t\t\t<div class=\"qodef-m-item\">\n\t\t\t\t<h5 class=\"qodef-m-item-title\">4 \u00e0 12 ans<\/h5>\n\t\t\t\t<div class=\"qodef-m-item-prices\">\n\t\t\t\t\t\t\t\t\t\t\t<div class=\"qodef-m-item-price\">6$<\/div>\n\t\t\t\t\t\t\t\t\t\t\t<div class=\"qodef-m-item-price\"><\/div>\n\t\t\t\t\t\t\t\t\t<\/div>\n\t\t\t\t<div class=\"qodef-m-item-action\">\n\t\t\t\t\t\t\t\t\t<\/div>\n\t\t\t<\/div>\n\t\t\t\t\t<div class=\"qodef-m-item\">\n\t\t\t\t<h5 class=\"qodef-m-item-title\">13 ans et plus<\/h5>\n\t\t\t\t<div class=\"qodef-m-item-prices\">\n\t\t\t\t\t\t\t\t\t\t\t<div class=\"qodef-m-item-price\">7$<\/div>\n\t\t\t\t\t\t\t\t\t\t\t<div class=\"qodef-m-item-price\"><\/div>\n\t\t\t\t\t\t\t\t\t<\/div>\n\t\t\t\t<div class=\"qodef-m-item-action\">\n\t\t\t\t\t\t\t\t\t<\/div>\n\t\t\t<\/div>\n\t\t\t\t\t<div class=\"qodef-m-item\">\n\t\t\t\t<h5 class=\"qodef-m-item-title\">Forfait familial  \u2014 2 adultes + 2 enfants<\/h5>\n\t\t\t\t<div class=\"qodef-m-item-prices\">\n\t\t\t\t\t\t\t\t\t\t\t<div class=\"qodef-m-item-price\">20$<\/div>\n\t\t\t\t\t\t\t\t\t\t\t<div class=\"qodef-m-item-price\"><\/div>\n\t\t\t\t\t\t\t\t\t<\/div>\n\t\t\t\t<div class=\"qodef-m-item-action\">\n\t\t\t\t\t\t\t\t\t<\/div>\n\t\t\t<\/div>\n\t\t\t<\/div>\n<\/div>\n\t\t\t\t<\/div>\n\t\t\t\t<\/div>\n\t\t\t\t<div class=\"elementor-element elementor-element-36a9807 elementor-widget__width-initial elementor-widget-mobile__width-initial elementor-widget elementor-widget-montagne_core_section_title\" data-id=\"36a9807\" data-element_type=\"widget\" data-e-type=\"widget\" id=\"fatbike\" data-widget_type=\"montagne_core_section_title.default\">\n\t\t\t\t<div class=\"elementor-widget-container\">\n\t\t\t\t\t<div class=\"qodef-shortcode qodef-m  qodef-section-title qodef-alignment--left \">\n\t\t<p class=\"qodef-m-subtitle\" style=\"margin-bottom: 9px\">15 km de sentiers<\/p>\n\t\t<h3 class=\"qodef-m-title\" >\n\t\t\t\t\tFATBIKE\t\t\t<\/h3>\n\t<\/div>\n\t\t\t\t<\/div>\n\t\t\t\t<\/div>\n\t\t\t\t<div class=\"elementor-element elementor-element-ff1a859 elementor-widget-tablet__width-inherit elementor-widget elementor-widget-montagne_core_comparison_pricing_list_holder\" data-id=\"ff1a859\" data-element_type=\"widget\" data-e-type=\"widget\" data-widget_type=\"montagne_core_comparison_pricing_list_holder.default\">\n\t\t\t\t<div class=\"elementor-widget-container\">\n\t\t\t\t\t<div class=\"qodef-shortcode qodef-m  qodef-comparison-pricing-list clear qodef-columns--2 qodef-layout--simple\">\n\t<div class=\"qodef-m-header\">\n\t\t<div class=\"qodef-m-header-separator qodef--left\"><\/div>\n\t\t<div class=\"qodef-m-header-titles\">\n\t\t\t\t\t\t\t<h4 class=\"qodef-m-header-title\">\/H<\/h4>\n\t\t\t\t\t\t\t<h4 class=\"qodef-m-header-title\"><\/h4>\n\t\t\t\t\t<\/div>\n\t\t<div class=\"qodef-m-header-separator qodef--right\"><\/div>\n\t<\/div>\n\t<div class=\"qodef-m-content\">\n\t\t\t\t\t<div class=\"qodef-m-item\">\n\t\t\t\t<h5 class=\"qodef-m-item-title\">Acc\u00e8s aux sentiers<\/h5>\n\t\t\t\t<div class=\"qodef-m-item-prices\">\n\t\t\t\t\t\t\t\t\t\t\t<div class=\"qodef-m-item-price\">10$<\/div>\n\t\t\t\t\t\t\t\t\t\t\t<div class=\"qodef-m-item-price\"><\/div>\n\t\t\t\t\t\t\t\t\t<\/div>\n\t\t\t\t<div class=\"qodef-m-item-action\">\n\t\t\t\t\t\t\t\t\t<\/div>\n\t\t\t<\/div>\n\t\t\t\t\t<div class=\"qodef-m-item\">\n\t\t\t\t<h5 class=\"qodef-m-item-title\">Fatbike et acc\u00e8s aux sentiers<\/h5>\n\t\t\t\t<div class=\"qodef-m-item-prices\">\n\t\t\t\t\t\t\t\t\t\t\t<div class=\"qodef-m-item-price\">20$<\/div>\n\t\t\t\t\t\t\t\t\t\t\t<div class=\"qodef-m-item-price\"><\/div>\n\t\t\t\t\t\t\t\t\t<\/div>\n\t\t\t\t<div class=\"qodef-m-item-action\">\n\t\t\t\t\t\t\t\t\t<\/div>\n\t\t\t<\/div>\n\t\t\t<\/div>\n<\/div>\n\t\t\t\t<\/div>\n\t\t\t\t<\/div>\n\t\t\t\t<div class=\"elementor-element elementor-element-7d41f72 elementor-widget__width-initial elementor-widget-mobile__width-initial elementor-widget elementor-widget-montagne_core_section_title\" data-id=\"7d41f72\" data-element_type=\"widget\" data-e-type=\"widget\" id=\"raquette\" data-widget_type=\"montagne_core_section_title.default\">\n\t\t\t\t<div class=\"elementor-widget-container\">\n\t\t\t\t\t<div class=\"qodef-shortcode qodef-m  qodef-section-title qodef-alignment--left \">\n\t\t<p class=\"qodef-m-subtitle\" style=\"margin-bottom: 9px\">10 km de sentiers enchanteurs<\/p>\n\t\t<h3 class=\"qodef-m-title\" >\n\t\t\t\t\tRAQUETTE\t\t\t<\/h3>\n\t<\/div>\n\t\t\t\t<\/div>\n\t\t\t\t<\/div>\n\t\t\t\t<div class=\"elementor-element elementor-element-7ceee6f elementor-widget-tablet__width-inherit elementor-widget elementor-widget-montagne_core_comparison_pricing_list_holder\" data-id=\"7ceee6f\" data-element_type=\"widget\" data-e-type=\"widget\" data-widget_type=\"montagne_core_comparison_pricing_list_holder.default\">\n\t\t\t\t<div class=\"elementor-widget-container\">\n\t\t\t\t\t<div class=\"qodef-shortcode qodef-m  qodef-comparison-pricing-list clear qodef-columns--2 qodef-layout--simple\">\n\t<div class=\"qodef-m-header\">\n\t\t<div class=\"qodef-m-header-separator qodef--left\"><\/div>\n\t\t<div class=\"qodef-m-header-titles\">\n\t\t\t\t\t\t\t<h4 class=\"qodef-m-header-title\">\/<\/h4>\n\t\t\t\t\t\t\t<h4 class=\"qodef-m-header-title\"><\/h4>\n\t\t\t\t\t<\/div>\n\t\t<div class=\"qodef-m-header-separator qodef--right\"><\/div>\n\t<\/div>\n\t<div class=\"qodef-m-content\">\n\t\t\t\t\t<div class=\"qodef-m-item\">\n\t\t\t\t<h5 class=\"qodef-m-item-title\">Acc\u00e8s aux sentiers<\/h5>\n\t\t\t\t<div class=\"qodef-m-item-prices\">\n\t\t\t\t\t\t\t\t\t\t\t<div class=\"qodef-m-item-price\">3$\/J<\/div>\n\t\t\t\t\t\t\t\t\t\t\t<div class=\"qodef-m-item-price\"><\/div>\n\t\t\t\t\t\t\t\t\t<\/div>\n\t\t\t\t<div class=\"qodef-m-item-action\">\n\t\t\t\t\t\t\t\t\t<\/div>\n\t\t\t<\/div>\n\t\t\t\t\t<div class=\"qodef-m-item\">\n\t\t\t\t<h5 class=\"qodef-m-item-title\">Raquettes et acc\u00e8s aux sentiers<\/h5>\n\t\t\t\t<div class=\"qodef-m-item-prices\">\n\t\t\t\t\t\t\t\t\t\t\t<div class=\"qodef-m-item-price\">3$\/H<\/div>\n\t\t\t\t\t\t\t\t\t\t\t<div class=\"qodef-m-item-price\"><\/div>\n\t\t\t\t\t\t\t\t\t<\/div>\n\t\t\t\t<div class=\"qodef-m-item-action\">\n\t\t\t\t\t\t\t\t\t<\/div>\n\t\t\t<\/div>\n\t\t\t<\/div>\n<\/div>\n\t\t\t\t<\/div>\n\t\t\t\t<\/div>\n\t\t\t\t<div class=\"elementor-element elementor-element-9602d6d elementor-widget__width-initial elementor-widget-mobile__width-initial elementor-widget elementor-widget-montagne_core_section_title\" data-id=\"9602d6d\" data-element_type=\"widget\" data-e-type=\"widget\" id=\"sentiers\" data-widget_type=\"montagne_core_section_title.default\">\n\t\t\t\t<div class=\"elementor-widget-container\">\n\t\t\t\t\t<div class=\"qodef-shortcode qodef-m  qodef-section-title qodef-alignment--left \">\n\t\t<p class=\"qodef-m-subtitle\" style=\"margin-bottom: 9px\">6 kilom\u00e8tres de nature<\/p>\n\t\t<h3 class=\"qodef-m-title\" >\n\t\t\t\t\tSENTIERS P\u00c9DESTRES\t\t\t<\/h3>\n\t<\/div>\n\t\t\t\t<\/div>\n\t\t\t\t<\/div>\n\t\t\t\t<div class=\"elementor-element elementor-element-8a81688 elementor-widget-tablet__width-inherit elementor-widget elementor-widget-montagne_core_comparison_pricing_list_holder\" data-id=\"8a81688\" data-element_type=\"widget\" data-e-type=\"widget\" data-widget_type=\"montagne_core_comparison_pricing_list_holder.default\">\n\t\t\t\t<div class=\"elementor-widget-container\">\n\t\t\t\t\t<div class=\"qodef-shortcode qodef-m  qodef-comparison-pricing-list clear qodef-columns--2 qodef-layout--simple\">\n\t<div class=\"qodef-m-header\">\n\t\t<div class=\"qodef-m-header-separator qodef--left\"><\/div>\n\t\t<div class=\"qodef-m-header-titles\">\n\t\t\t\t\t\t\t<h4 class=\"qodef-m-header-title\">\/J<\/h4>\n\t\t\t\t\t\t\t<h4 class=\"qodef-m-header-title\"><\/h4>\n\t\t\t\t\t<\/div>\n\t\t<div class=\"qodef-m-header-separator qodef--right\"><\/div>\n\t<\/div>\n\t<div class=\"qodef-m-content\">\n\t\t\t\t\t<div class=\"qodef-m-item\">\n\t\t\t\t<h5 class=\"qodef-m-item-title\">Tous<\/h5>\n\t\t\t\t<div class=\"qodef-m-item-prices\">\n\t\t\t\t\t\t\t\t\t\t\t<div class=\"qodef-m-item-price\">3$<\/div>\n\t\t\t\t\t\t\t\t\t\t\t<div class=\"qodef-m-item-price\"><\/div>\n\t\t\t\t\t\t\t\t\t<\/div>\n\t\t\t\t<div class=\"qodef-m-item-action\">\n\t\t\t\t\t\t\t\t\t<\/div>\n\t\t\t<\/div>\n\t\t\t<\/div>\n<\/div>\n\t\t\t\t<\/div>\n\t\t\t\t<\/div>\n\t\t\t\t\t<\/div>\n\t\t<\/div>\n\t\t\t\t\t<\/div>\n\t\t<\/section>\n\t\t\t\t<section class=\"elementor-section elementor-top-section elementor-element elementor-element-0f1dd61 elementor-section-full_width qodef-elementor-content-grid elementor-section-height-default elementor-section-height-default\" data-id=\"0f1dd61\" data-element_type=\"section\" data-e-type=\"section\">\n\t\t\t\t\t\t<div class=\"elementor-container elementor-column-gap-default\">\n\t\t\t\t\t<div class=\"elementor-column elementor-col-100 elementor-top-column elementor-element elementor-element-8c4109f\" data-id=\"8c4109f\" data-element_type=\"column\" data-e-type=\"column\">\n\t\t\t<div class=\"elementor-widget-wrap elementor-element-populated\">\n\t\t\t\t\t\t<div class=\"elementor-element elementor-element-937d9cf elementor-widget__width-initial elementor-widget elementor-widget-text-editor\" data-id=\"937d9cf\" data-element_type=\"widget\" data-e-type=\"widget\" data-widget_type=\"text-editor.default\">\n\t\t\t\t<div class=\"elementor-widget-container\">\n\t\t\t\t\t\t\t\t\t<h3><span style=\"color: #2188c4;\"><b>Merci de payer vos droits d\u2019acc\u00e8s !<\/b><\/span><\/h3><h3><span style=\"text-decoration: underline;\"><b>Ceci nous permet d\u2019entretenir les sentiers et nos installations!<\/b><\/span><\/h3>\t\t\t\t\t\t\t\t<\/div>\n\t\t\t\t<\/div>\n\t\t\t\t\t<\/div>\n\t\t<\/div>\n\t\t\t\t\t<\/div>\n\t\t<\/section>\n\t\t\t\t<\/div>\n\t\t","protected":false},"excerpt":{"rendered":"<p>L&#039;embarras du choix Des activit\u00e9s pour tous les go\u00fbts CHALET FATBIKE GLISSADE P\u00c9DESTRE RAQUETTE V\u00c9LO DE MONTAGNE Accessible \u00e0 tous TARIFS EN VIGUEUR Une place d\u00e9tente incomparable Admission g\u00e9n\u00e9ral \/J 0 \u00e0 3 ans 0$ 4 \u00e0 12 ans 6$ 13 ans et plus 7$ Forfait familial \u2014 2 adultes + 2 enfants 20$ 15 [&hellip;]<\/p>\n","protected":false},"author":2,"featured_media":0,"parent":0,"menu_order":0,"comment_status":"closed","ping_status":"closed","template":"","meta":{"footnotes":""},"class_list":["post-9000","page","type-page","status-publish","hentry"],"_links":{"self":[{"href":"https:\/\/lecentrenature.com\/index.php?rest_route=\/wp\/v2\/pages\/9000","targetHints":{"allow":["GET"]}}],"collection":[{"href":"https:\/\/lecentrenature.com\/index.php?rest_route=\/wp\/v2\/pages"}],"about":[{"href":"https:\/\/lecentrenature.com\/index.php?rest_route=\/wp\/v2\/types\/page"}],"author":[{"embeddable":true,"href":"https:\/\/lecentrenature.com\/index.php?rest_route=\/wp\/v2\/users\/2"}],"replies":[{"embeddable":true,"href":"https:\/\/lecentrenature.com\/index.php?rest_route=%2Fwp%2Fv2%2Fcomments&post=9000"}],"version-history":[{"count":5,"href":"https:\/\/lecentrenature.com\/index.php?rest_route=\/wp\/v2\/pages\/9000\/revisions"}],"predecessor-version":[{"id":9457,"href":"https:\/\/lecentrenature.com\/index.php?rest_route=\/wp\/v2\/pages\/9000\/revisions\/9457"}],"wp:attachment":[{"href":"https:\/\/lecentrenature.com\/index.php?rest_route=%2Fwp%2Fv2%2Fmedia&parent=9000"}],"curies":[{"name":"wp","href":"https:\/\/api.w.org\/{rel}","templated":true}]}}